{"id":232,"date":"2014-10-05T22:35:36","date_gmt":"2014-10-05T20:35:36","guid":{"rendered":"http:\/\/77.156.240.11\/?page_id=232"},"modified":"2020-02-09T19:05:48","modified_gmt":"2020-02-09T17:05:48","slug":"annee-3","status":"publish","type":"page","link":"https:\/\/aquariuslebateau.synology.me\/?page_id=232","title":{"rendered":"2019"},"content":{"rendered":"ngg_shortcode_0_placeholder\n<p><em>(Maj 9 F\u00e9vrier&nbsp; 2020)<\/em><\/p>\n<p>En fait ca \u00e9tait Panama -&gt; Galapagos -&gt; Marquises -&gt; Tuamotu -&gt; Tahiti !<\/p>\n<p><em>(Maj 4 Avril 2015)<\/em><\/p>\n<p>Iles du Pacifique Sud -&gt; Australie et Nouvelle-Z\u00e9lande<\/p>\n<p>Noum\u00e9a -&gt; Sydney:<\/p>\n<ul>\n<li>Int\u00e9ress\u00e9s:&nbsp;Catherine Ziegler<\/li>\n<\/ul>\n<p>Sydney -&gt; Hobart -&gt; Auckland:<\/p>\n<ul>\n<li>Int\u00e9ress\u00e9s: V\u00e9ronique Dauvin<\/li>\n<\/ul>\n<p>&nbsp;<\/p>\n","protected":false},"excerpt":{"rendered":"<p>(Maj 9 F\u00e9vrier&nbsp; 2020) En fait ca \u00e9tait Panama -&gt; Galapagos -&gt; Marquises -&gt; Tuamotu -&gt; Tahiti ! (Maj 4 Avril 2015) Iles du Pacifique Sud -&gt; Australie et Nouvelle-Z\u00e9lande Noum\u00e9a -&gt; Sydney: Int\u00e9ress\u00e9s:&nbsp;Catherine Ziegler Sydney -&gt; Hobart -&gt; Auckland: Int\u00e9ress\u00e9s: V\u00e9ronique Dauvin &nbsp;<\/p>\n","protected":false},"author":1,"featured_media":0,"parent":27,"menu_order":0,"comment_status":"open","ping_status":"open","template":"","meta":{"ngg_post_thumbnail":0},"_links":{"self":[{"href":"https:\/\/aquariuslebateau.synology.me\/index.php?rest_route=\/wp\/v2\/pages\/232"}],"collection":[{"href":"https:\/\/aquariuslebateau.synology.me\/index.php?rest_route=\/wp\/v2\/pages"}],"about":[{"href":"https:\/\/aquariuslebateau.synology.me\/index.php?rest_route=\/wp\/v2\/types\/page"}],"author":[{"embeddable":true,"href":"https:\/\/aquariuslebateau.synology.me\/index.php?rest_route=\/wp\/v2\/users\/1"}],"replies":[{"embeddable":true,"href":"https:\/\/aquariuslebateau.synology.me\/index.php?rest_route=%2Fwp%2Fv2%2Fcomments&post=232"}],"version-history":[{"count":13,"href":"https:\/\/aquariuslebateau.synology.me\/index.php?rest_route=\/wp\/v2\/pages\/232\/revisions"}],"predecessor-version":[{"id":3198,"href":"https:\/\/aquariuslebateau.synology.me\/index.php?rest_route=\/wp\/v2\/pages\/232\/revisions\/3198"}],"up":[{"embeddable":true,"href":"https:\/\/aquariuslebateau.synology.me\/index.php?rest_route=\/wp\/v2\/pages\/27"}],"wp:attachment":[{"href":"https:\/\/aquariuslebateau.synology.me\/index.php?rest_route=%2Fwp%2Fv2%2Fmedia&parent=232"}],"curies":[{"name":"wp","href":"https:\/\/api.w.org\/{rel}","templated":true}]}}