{"id":244,"date":"2014-10-05T22:44:43","date_gmt":"2014-10-05T20:44:43","guid":{"rendered":"http:\/\/77.156.240.11\/?page_id=244"},"modified":"2023-10-19T20:36:27","modified_gmt":"2023-10-19T18:36:27","slug":"la-construction","status":"publish","type":"page","link":"https:\/\/aquariuslebateau.synology.me\/?page_id=244","title":{"rendered":"La Construction"},"content":{"rendered":"<p>Elle a d\u00e9marr\u00e9 en Janvier 2015, et sera finie pour le salon nautique de D\u00fcsseldorf en Janvier 2016.<\/p>\n<p><iframe loading=\"lazy\" title=\"EXPLORATION 52 de Garcia Yachting: vid\u00e9o de visite guid\u00e9e (en fran\u00e7ais)\" width=\"474\" height=\"267\" src=\"https:\/\/www.youtube.com\/embed\/dlQBLt3yWZw?feature=oembed\" frameborder=\"0\" allow=\"accelerometer; autoplay; clipboard-write; encrypted-media; gyroscope; picture-in-picture; web-share\" allowfullscreen><\/iframe><\/p>\n<p>[Not a valid template]<\/p>\nngg_shortcode_0_placeholder\n","protected":false},"excerpt":{"rendered":"<p>Elle a d\u00e9marr\u00e9 en Janvier 2015, et sera finie pour le salon nautique de D\u00fcsseldorf en Janvier 2016. [Not a valid template]<\/p>\n","protected":false},"author":1,"featured_media":0,"parent":246,"menu_order":0,"comment_status":"open","ping_status":"open","template":"","meta":{"ngg_post_thumbnail":0},"_links":{"self":[{"href":"https:\/\/aquariuslebateau.synology.me\/index.php?rest_route=\/wp\/v2\/pages\/244"}],"collection":[{"href":"https:\/\/aquariuslebateau.synology.me\/index.php?rest_route=\/wp\/v2\/pages"}],"about":[{"href":"https:\/\/aquariuslebateau.synology.me\/index.php?rest_route=\/wp\/v2\/types\/page"}],"author":[{"embeddable":true,"href":"https:\/\/aquariuslebateau.synology.me\/index.php?rest_route=\/wp\/v2\/users\/1"}],"replies":[{"embeddable":true,"href":"https:\/\/aquariuslebateau.synology.me\/index.php?rest_route=%2Fwp%2Fv2%2Fcomments&post=244"}],"version-history":[{"count":17,"href":"https:\/\/aquariuslebateau.synology.me\/index.php?rest_route=\/wp\/v2\/pages\/244\/revisions"}],"predecessor-version":[{"id":4024,"href":"https:\/\/aquariuslebateau.synology.me\/index.php?rest_route=\/wp\/v2\/pages\/244\/revisions\/4024"}],"up":[{"embeddable":true,"href":"https:\/\/aquariuslebateau.synology.me\/index.php?rest_route=\/wp\/v2\/pages\/246"}],"wp:attachment":[{"href":"https:\/\/aquariuslebateau.synology.me\/index.php?rest_route=%2Fwp%2Fv2%2Fmedia&parent=244"}],"curies":[{"name":"wp","href":"https:\/\/api.w.org\/{rel}","templated":true}]}}