{"id":896,"date":"2015-04-21T22:05:49","date_gmt":"2015-04-21T20:05:49","guid":{"rendered":"http:\/\/77.156.240.11\/?page_id=896"},"modified":"2016-10-19T12:18:24","modified_gmt":"2016-10-19T10:18:24","slug":"2015-2016","status":"publish","type":"page","link":"https:\/\/aquariuslebateau.synology.me\/?page_id=896","title":{"rendered":"2015-2016"},"content":{"rendered":"<p>2016-10-19: Je recherche 2 \u00e9quipiers \/ \u00e9quipi\u00e8res suppl\u00e9mentaires pour l&#8217;\u00e9tape Dakar &#8211; Martinique, en passant par le Cap-Vert et la Barbade. \u00a0N&#8217;h\u00e9sitez pas \u00e0 vous manifester ou \u00e0 passer le mot !<\/p>\n<p>&nbsp;<\/p>\n<p>2016-05-20:\u00a0Pour les impatients ou les curieux, suite \u00e0 vos commentaires:<\/p>\n<p>\u2022 Juin 2015: Fin de la chaudronnerie et transfert de la coque \u00e0 Cherbourg, pour \u00e9quipement final dans les ateliers du chantier<strong><a href=\"http:\/\/www.allures.fr\/\" target=\"_blank\">\u00a0Allures<\/a><\/strong>, auquel Garcia appartient.<\/p>\n<p style=\"padding-left: 30px;\"><em>Maj 18\/07 2015: \u00a0Retard de quelques semaines&#8230; Transfert \u00e0 Cherbourg d\u00e9but Ao\u00fbt&#8230;<\/em><\/p>\n<p>\u2022 5 au 13\u00a0D\u00e9cembre 2015:\u00a0Exposition du bateau au <strong><a href=\"http:\/\/www.salonnautiqueparis.com\/\" target=\"_blank\">Salon Nautique de Paris<\/a><\/strong>, Porte de Versailles. Pendant une soir\u00e9e (date exacte encore \u00e0 d\u00e9finir), <span style=\"color: #000080;\"><strong>le\u00a0stand Allures et le bateau seront privatis\u00e9s pour nous.<\/strong><\/span> Ev\u00e8nement \u00e0 c\u00e9l\u00e9brer ensemble autour d&#8217;une coupe de champagne !<\/p>\n<p style=\"padding-left: 30px;\"><em>Maj 18\/07\/2015: \u00a0Du fait du retard pr\u00e9c\u00e9dent, le bateau ne sera pas pr\u00eat pour le salon Nautique de Paris , bouhouhou&#8230; \ud83d\ude25<\/em><\/p>\n<p>\u2022\u00a023 au 31 Janvier 2016:\u00a0Exposition du bateau au <a href=\"http:\/\/www.boat-duesseldorf.com\/\" target=\"_blank\"><strong>Salon Nautique de Dusseldorf<\/strong><\/a>, Dusseldorf Messe (ca veut dire parc des expositions en allemand, au cas o\u00f9 vous auriez un doute)<\/p>\n<p>\u2022\u00a0Fevrier 2016: certification, \u00a0homologation, immatriculation du bateau<\/p>\n<p>\u2022 Mars\u00a02016: Mise \u00e0 l&#8217;eau \u00e0 Cherbourg, essais et premiers bords \u00e0 bord&#8230;. Enfin !<\/p>\n<p>\u2022 Mars \u00e0 Juin\u00a02016: \u00a0Convoyage Cherbourg- <strong><a href=\"http:\/\/www.passeportescales.com\/fr\/port-du-crouesty\">Crouesty<\/a><\/strong>, par petites \u00e9tapes, \u00a0en cabotage lors des week-ends, avec probablement un d\u00e9tour par l&#8217;Irlande, \u00e0 voir&#8230; No stress. On va se faire toutes les cr\u00eaperies de la c\u00f4te entre le raz Blanchard et Quiberon.<\/p>\n<p style=\"padding-left: 30px;\"><em>Maj 17\/06\/2016: Convoyage en\u00a0une seule traite d\u00e9but Juillet 2016<\/em><\/p>\n<p>\u2022 Jusqu&#8217;au 16 Septembre 2016: Bas\u00e9 au Crouesty.<\/p>\n<ul>\n<li>Autour du Week-end du 17 septembre: Convoyage Crouesty-La Rochelle\n<ul>\n<li>\u00e9quipage confirm\u00e9: S\u00e9gol\u00e8ne, Eric Dauvin, Catherine Ziegler, St\u00e9phane Ziegler<\/li>\n<\/ul>\n<\/li>\n<\/ul>\n<ul>\n<li>Vers le 9 Octobre: Convoyage la Rochelle-Vigo\n<ul>\n<li>\u00e9quipage confirm\u00e9: Thierry de Poncins,\u00a0S\u00e9gol\u00e8ne Deback<\/li>\n<\/ul>\n<\/li>\n<\/ul>\n<ul>\n<li>Vers le 12 Octobre: Convoyage Vigo\u00a0&#8211; Lanzarote. Las Palmas ne peut pas nous accueillir, les 200+\u00a0bateaux de <a href=\"https:\/\/www.worldcruising.com\/arc\/event.aspx\">l&#8217;ARC<\/a> y sont en m\u00eame temps !\n<ul>\n<li>\u00e9quipage confirm\u00e9l: Martin de la Palme,\u00a0Hugo Mesnage<\/li>\n<\/ul>\n<\/li>\n<\/ul>\n<ul>\n<li>Vers le 10 Novembre: Convoyage Las Palmas &#8211; Dakar\n<ul>\n<li>\u00e9quipage confirm\u00e9: Franck et Marie Pascale Delorme<\/li>\n<\/ul>\n<\/li>\n<\/ul>\n<ul>\n<li>du 20 au 5 D\u00e9cembre: Missions humanitaires VSF dans le Sin\u00e9-Saloum<\/li>\n<\/ul>\n<p>&nbsp;<\/p>\n<p>&nbsp;<\/p>\n<p>&nbsp;<\/p>\n<p>&nbsp;<\/p>\n<p>&nbsp;<\/p>\n","protected":false},"excerpt":{"rendered":"<p>2016-10-19: Je recherche 2 \u00e9quipiers \/ \u00e9quipi\u00e8res suppl\u00e9mentaires pour l&#8217;\u00e9tape Dakar &#8211; Martinique, en passant par le Cap-Vert et la Barbade. \u00a0N&#8217;h\u00e9sitez pas \u00e0 vous manifester ou \u00e0 passer le mot ! &nbsp; 2016-05-20:\u00a0Pour les impatients ou les curieux, suite \u00e0 vos commentaires: \u2022 Juin 2015: Fin de la chaudronnerie et transfert de la coque &hellip; <a href=\"https:\/\/aquariuslebateau.synology.me\/?page_id=896\" class=\"more-link\">Continue reading <span class=\"screen-reader-text\">2015-2016<\/span> <span class=\"meta-nav\">&rarr;<\/span><\/a><\/p>\n","protected":false},"author":1,"featured_media":0,"parent":27,"menu_order":0,"comment_status":"open","ping_status":"open","template":"","meta":{"ngg_post_thumbnail":0},"_links":{"self":[{"href":"https:\/\/aquariuslebateau.synology.me\/index.php?rest_route=\/wp\/v2\/pages\/896"}],"collection":[{"href":"https:\/\/aquariuslebateau.synology.me\/index.php?rest_route=\/wp\/v2\/pages"}],"about":[{"href":"https:\/\/aquariuslebateau.synology.me\/index.php?rest_route=\/wp\/v2\/types\/page"}],"author":[{"embeddable":true,"href":"https:\/\/aquariuslebateau.synology.me\/index.php?rest_route=\/wp\/v2\/users\/1"}],"replies":[{"embeddable":true,"href":"https:\/\/aquariuslebateau.synology.me\/index.php?rest_route=%2Fwp%2Fv2%2Fcomments&post=896"}],"version-history":[{"count":18,"href":"https:\/\/aquariuslebateau.synology.me\/index.php?rest_route=\/wp\/v2\/pages\/896\/revisions"}],"predecessor-version":[{"id":1968,"href":"https:\/\/aquariuslebateau.synology.me\/index.php?rest_route=\/wp\/v2\/pages\/896\/revisions\/1968"}],"up":[{"embeddable":true,"href":"https:\/\/aquariuslebateau.synology.me\/index.php?rest_route=\/wp\/v2\/pages\/27"}],"wp:attachment":[{"href":"https:\/\/aquariuslebateau.synology.me\/index.php?rest_route=%2Fwp%2Fv2%2Fmedia&parent=896"}],"curies":[{"name":"wp","href":"https:\/\/api.w.org\/{rel}","templated":true}]}}